{"id":1363,"date":"2023-09-23T11:21:23","date_gmt":"2023-09-23T14:21:23","guid":{"rendered":"https:\/\/erelin.vaelp-tl.com\/?page_id=1363"},"modified":"2023-09-23T11:21:23","modified_gmt":"2023-09-23T14:21:23","slug":"eixos-tematicos","status":"publish","type":"page","link":"https:\/\/erelin.vaelp-tl.com\/index.php\/eixos-tematicos\/","title":{"rendered":"Eixos Tem\u00e1ticos"},"content":{"rendered":"<p>Lingu\u00edstica Textual<br \/>\nLingu\u00edstica ind\u00edgena<br \/>\nAn\u00e1lise do Discurso<br \/>\nAn\u00e1lise da conversa\u00e7\u00e3o<br \/>\nFon\u00e9tica e Fonologia da L\u00edngua Portuguesa<br \/>\nTeoria da Varia\u00e7\u00e3o Lingu\u00edstica<br \/>\nSociolingu\u00edstica Educacional<br \/>\nSociolingu\u00edstica Cognitiva<br \/>\nTeoria Gerativa<br \/>\nPesquisa em Lingu\u00edstica<br \/>\nTeoria da Enuncia\u00e7\u00e3o<br \/>\nLingu\u00edstica Aplicada (L\u00edngua Portuguesa e Ensino de L\u00edngua Estrangeira)<br \/>\nPsicolingu\u00edstica<br \/>\nLingu\u00edstica Cognitiva<br \/>\nSemi\u00f3tica<br \/>\nLingu\u00edstica Computacional<br \/>\nNeurolingu\u00edstica<br \/>\nLingu\u00edstica Forense<br \/>\nLingu\u00edstica de Corpus<br \/>\nLinguagem e Tecnologia<br \/>\nLingu\u00edstica Queer<br \/>\nLinguagem e M\u00eddia<br \/>\nLingu\u00edstica Ambiental<br \/>\nG\u00eaneros textuais e ensino<br \/>\nLingu\u00edstica\u00a0e\u00a0ensino<\/p>\n","protected":false},"excerpt":{"rendered":"<p>Lingu\u00edstica Textual Lingu\u00edstica ind\u00edgena An\u00e1lise do Discurso An\u00e1lise da conversa\u00e7\u00e3o Fon\u00e9tica e Fonologia da L\u00edngua Portuguesa Teoria da Varia\u00e7\u00e3o Lingu\u00edstica Sociolingu\u00edstica Educacional Sociolingu\u00edstica Cognitiva Teoria Gerativa Pesquisa em Lingu\u00edstica Teoria da Enuncia\u00e7\u00e3o Lingu\u00edstica Aplicada (L\u00edngua Portuguesa e Ensino de L\u00edngua Estrangeira) Psicolingu\u00edstica Lingu\u00edstica Cognitiva Semi\u00f3tica Lingu\u00edstica Computacional Neurolingu\u00edstica Lingu\u00edstica Forense Lingu\u00edstica de Corpus Linguagem e [&hellip;]<\/p>\n","protected":false},"author":1,"featured_media":0,"parent":0,"menu_order":0,"comment_status":"closed","ping_status":"closed","template":"","meta":{"footnotes":""},"_links":{"self":[{"href":"https:\/\/erelin.vaelp-tl.com\/index.php\/wp-json\/wp\/v2\/pages\/1363"}],"collection":[{"href":"https:\/\/erelin.vaelp-tl.com\/index.php\/wp-json\/wp\/v2\/pages"}],"about":[{"href":"https:\/\/erelin.vaelp-tl.com\/index.php\/wp-json\/wp\/v2\/types\/page"}],"author":[{"embeddable":true,"href":"https:\/\/erelin.vaelp-tl.com\/index.php\/wp-json\/wp\/v2\/users\/1"}],"replies":[{"embeddable":true,"href":"https:\/\/erelin.vaelp-tl.com\/index.php\/wp-json\/wp\/v2\/comments?post=1363"}],"version-history":[{"count":1,"href":"https:\/\/erelin.vaelp-tl.com\/index.php\/wp-json\/wp\/v2\/pages\/1363\/revisions"}],"predecessor-version":[{"id":1364,"href":"https:\/\/erelin.vaelp-tl.com\/index.php\/wp-json\/wp\/v2\/pages\/1363\/revisions\/1364"}],"wp:attachment":[{"href":"https:\/\/erelin.vaelp-tl.com\/index.php\/wp-json\/wp\/v2\/media?parent=1363"}],"curies":[{"name":"wp","href":"https:\/\/api.w.org\/{rel}","templated":true}]}}