{"id":1075,"date":"2023-09-03T02:40:19","date_gmt":"2023-09-03T05:40:19","guid":{"rendered":"https:\/\/erelin.vaelp-tl.com\/?page_id=1075"},"modified":"2023-09-27T16:27:31","modified_gmt":"2023-09-27T19:27:31","slug":"checkout","status":"publish","type":"page","link":"https:\/\/erelin.vaelp-tl.com\/index.php\/checkout\/","title":{"rendered":"Efetuando Inscri\u00e7\u00e3o"},"content":{"rendered":"\t\t<div data-elementor-type=\"wp-page\" data-elementor-id=\"1075\" class=\"elementor elementor-1075\" data-elementor-post-type=\"page\">\n\t\t\t\t\t\t\t\t\t<section data-particle_enable=\"false\" data-particle-mobile-disabled=\"false\" class=\"elementor-section elementor-top-section elementor-element elementor-element-cb94bc2 elementor-section-boxed elementor-section-height-default elementor-section-height-default wpr-particle-no wpr-jarallax-no wpr-parallax-no wpr-sticky-section-no\" data-id=\"cb94bc2\" data-element_type=\"section\">\n\t\t\t\t\t\t<div class=\"elementor-container elementor-column-gap-default\">\n\t\t\t\t\t<div class=\"elementor-column elementor-col-100 elementor-top-column elementor-element elementor-element-56c8f0e\" data-id=\"56c8f0e\" data-element_type=\"column\">\n\t\t\t<div class=\"elementor-widget-wrap elementor-element-populated\">\n\t\t\t\t\t\t\t\t<div class=\"elementor-element elementor-element-f0ee7cf elementor-widget elementor-widget-alert\" data-id=\"f0ee7cf\" data-element_type=\"widget\" data-widget_type=\"alert.default\">\n\t\t\t\t<div class=\"elementor-widget-container\">\n\t\t\t<style>.elementor-alert{padding:15px;border-left:5px solid transparent;position:relative;text-align:left}.elementor-alert .elementor-alert-title{display:block;font-weight:700}.elementor-alert .elementor-alert-description{font-size:13px}.elementor-alert button.elementor-alert-dismiss{position:absolute;right:var(--dismiss-icon-horizontal-position,10px);top:var(--dismiss-icon-vertical-position,10px);padding:3px;font-size:var(--dismiss-icon-size,20px);line-height:1;background:transparent;color:var(--dismiss-icon-normal-color,inherit);border:none;cursor:pointer;transition-duration:var(--dismiss-icon-hover-transition-duration,.3s)}.elementor-alert button.elementor-alert-dismiss:hover{color:var(--dismiss-icon-hover-color,inherit)}.elementor-alert button.elementor-alert-dismiss svg{width:var(--dismiss-icon-size,20px);height:var(--dismiss-icon-size,20px);fill:var(--dismiss-icon-normal-color,currentColor);transition-duration:var(--dismiss-icon-hover-transition-duration,.3s)}.elementor-alert button.elementor-alert-dismiss svg:hover{fill:var(--dismiss-icon-hover-color,currentColor)}.elementor-alert.elementor-alert-info{color:#31708f;background-color:#d9edf7;border-color:#bcdff1}.elementor-alert.elementor-alert-success{color:#3c763d;background-color:#dff0d8;border-color:#cae6be}.elementor-alert.elementor-alert-warning{color:#8a6d3b;background-color:#fcf8e3;border-color:#f9f0c3}.elementor-alert.elementor-alert-danger{color:#a94442;background-color:#f2dede;border-color:#e8c4c4}@media (max-width:767px){.elementor-alert{padding:10px}.elementor-alert button.elementor-alert-dismiss{right:7px;top:7px}}<\/style>\t\t<div class=\"elementor-alert elementor-alert-info\" role=\"alert\">\n\t\t\t<span class=\"elementor-alert-title\">ATEN\u00c7\u00c3O, PARTICIPANTE!!!<\/span>\n\t\t\t\t\t\t\t<span class=\"elementor-alert-description\">SEJA CAUTELOSO(A) AO PREENCHER SUAS INFORMA\u00c7\u00d5ES. LEMBRE-SE DE QUE ELAS SER\u00c3O UTILIZADAS EM TODAS AS ETAPAS DO EVENTO. QUAISQUER ERROS PODEM INFLUIR NA GERA\u00c7\u00c3O DOS CERTIFICADOS E NO PROCESSO DE CREDENCIAMENTO.<\/span>\n\t\t\t\t\t\t\t\t<\/div>\n\t\t\t\t<\/div>\n\t\t\t\t<\/div>\n\t\t\t\t\t<\/div>\n\t\t<\/div>\n\t\t\t\t\t\t\t<\/div>\n\t\t<\/section>\n\t\t\t\t<section data-particle_enable=\"false\" data-particle-mobile-disabled=\"false\" class=\"elementor-section elementor-top-section elementor-element elementor-element-17e067e elementor-section-boxed elementor-section-height-default elementor-section-height-default wpr-particle-no wpr-jarallax-no wpr-parallax-no wpr-sticky-section-no\" data-id=\"17e067e\" data-element_type=\"section\">\n\t\t\t\t\t\t<div class=\"elementor-container elementor-column-gap-default\">\n\t\t\t\t\t<div class=\"elementor-column elementor-col-100 elementor-top-column elementor-element elementor-element-8a06d39\" data-id=\"8a06d39\" data-element_type=\"column\">\n\t\t\t<div class=\"elementor-widget-wrap elementor-element-populated\">\n\t\t\t\t\t\t\t\t<div class=\"elementor-element elementor-element-55d2521 e-checkout-layout-one-column elementor-widget elementor-widget-woocommerce-checkout-page\" data-id=\"55d2521\" data-element_type=\"widget\" data-widget_type=\"woocommerce-checkout-page.default\">\n\t\t\t\t<div class=\"elementor-widget-container\">\n\t\t\t<link rel=\"stylesheet\" href=\"https:\/\/erelin.vaelp-tl.com\/wp-content\/plugins\/elementor-pro\/assets\/css\/widget-woocommerce.min.css\"><div class=\"woocommerce\"><div class=\"woocommerce-notices-wrapper\"><\/div><\/div>\t\t<\/div>\n\t\t\t\t<\/div>\n\t\t\t\t\t<\/div>\n\t\t<\/div>\n\t\t\t\t\t\t\t<\/div>\n\t\t<\/section>\n\t\t\t\t\t\t\t<\/div>\n\t\t","protected":false},"excerpt":{"rendered":"<p>ATEN\u00c7\u00c3O, PARTICIPANTE!!! SEJA CAUTELOSO(A) AO PREENCHER SUAS INFORMA\u00c7\u00d5ES. LEMBRE-SE DE QUE ELAS SER\u00c3O UTILIZADAS EM TODAS AS ETAPAS DO EVENTO. QUAISQUER ERROS PODEM INFLUIR NA GERA\u00c7\u00c3O DOS CERTIFICADOS E NO PROCESSO DE CREDENCIAMENTO. Detalhes do participante Nome (*Esta informa\u00e7\u00e3o aparecer\u00e1 no certificado!)&nbsp;* Sobrenome (*Esta informa\u00e7\u00e3o aparecer\u00e1 no certificado!)&nbsp;* Seu endere\u00e7o de e-mail&nbsp;* Institui\u00e7\u00e3o&nbsp;* Pa\u00eds&nbsp;*Selecione um [&hellip;]<\/p>\n","protected":false},"author":1,"featured_media":0,"parent":0,"menu_order":0,"comment_status":"closed","ping_status":"closed","template":"","meta":{"footnotes":""},"_links":{"self":[{"href":"https:\/\/erelin.vaelp-tl.com\/index.php\/wp-json\/wp\/v2\/pages\/1075"}],"collection":[{"href":"https:\/\/erelin.vaelp-tl.com\/index.php\/wp-json\/wp\/v2\/pages"}],"about":[{"href":"https:\/\/erelin.vaelp-tl.com\/index.php\/wp-json\/wp\/v2\/types\/page"}],"author":[{"embeddable":true,"href":"https:\/\/erelin.vaelp-tl.com\/index.php\/wp-json\/wp\/v2\/users\/1"}],"replies":[{"embeddable":true,"href":"https:\/\/erelin.vaelp-tl.com\/index.php\/wp-json\/wp\/v2\/comments?post=1075"}],"version-history":[{"count":35,"href":"https:\/\/erelin.vaelp-tl.com\/index.php\/wp-json\/wp\/v2\/pages\/1075\/revisions"}],"predecessor-version":[{"id":1374,"href":"https:\/\/erelin.vaelp-tl.com\/index.php\/wp-json\/wp\/v2\/pages\/1075\/revisions\/1374"}],"wp:attachment":[{"href":"https:\/\/erelin.vaelp-tl.com\/index.php\/wp-json\/wp\/v2\/media?parent=1075"}],"curies":[{"name":"wp","href":"https:\/\/api.w.org\/{rel}","templated":true}]}}