{"id":1039,"date":"2023-09-01T01:32:42","date_gmt":"2023-09-01T04:32:42","guid":{"rendered":"https:\/\/erelin.vaelp-tl.com\/?page_id=1039"},"modified":"2023-10-04T15:24:16","modified_gmt":"2023-10-04T18:24:16","slug":"programacao","status":"publish","type":"page","link":"https:\/\/erelin.vaelp-tl.com\/index.php\/programacao\/","title":{"rendered":"Programa\u00e7\u00e3o"},"content":{"rendered":"\t\t<div data-elementor-type=\"wp-page\" data-elementor-id=\"1039\" class=\"elementor elementor-1039\" data-elementor-post-type=\"page\">\n\t\t\t\t\t\t\t\t\t<section data-particle_enable=\"false\" data-particle-mobile-disabled=\"false\" class=\"elementor-section elementor-top-section elementor-element elementor-element-c8b6352 elementor-section-boxed elementor-section-height-default elementor-section-height-default wpr-particle-no wpr-jarallax-no wpr-parallax-no wpr-sticky-section-no\" data-id=\"c8b6352\" data-element_type=\"section\">\n\t\t\t\t\t\t<div class=\"elementor-container elementor-column-gap-default\">\n\t\t\t\t\t<div class=\"elementor-column elementor-col-100 elementor-top-column elementor-element elementor-element-a80c8f9\" data-id=\"a80c8f9\" data-element_type=\"column\">\n\t\t\t<div class=\"elementor-widget-wrap elementor-element-populated\">\n\t\t\t\t\t\t\t\t<div class=\"elementor-element elementor-element-941a028 elementor-widget elementor-widget-accordion\" data-id=\"941a028\" data-element_type=\"widget\" data-widget_type=\"accordion.default\">\n\t\t\t\t<div class=\"elementor-widget-container\">\n\t\t\t<style>.elementor-accordion{text-align:left}.elementor-accordion .elementor-accordion-item{border:1px solid #d5d8dc}.elementor-accordion .elementor-accordion-item+.elementor-accordion-item{border-top:none}.elementor-accordion .elementor-tab-title{margin:0;padding:15px 20px;font-weight:700;line-height:1;cursor:pointer;outline:none}.elementor-accordion .elementor-tab-title .elementor-accordion-icon{display:inline-block;width:1.5em}.elementor-accordion .elementor-tab-title .elementor-accordion-icon svg{width:1em;height:1em}.elementor-accordion .elementor-tab-title .elementor-accordion-icon.elementor-accordion-icon-right{float:right;text-align:right}.elementor-accordion .elementor-tab-title .elementor-accordion-icon.elementor-accordion-icon-left{float:left;text-align:left}.elementor-accordion .elementor-tab-title .elementor-accordion-icon .elementor-accordion-icon-closed{display:block}.elementor-accordion .elementor-tab-title .elementor-accordion-icon .elementor-accordion-icon-opened,.elementor-accordion .elementor-tab-title.elementor-active .elementor-accordion-icon-closed{display:none}.elementor-accordion .elementor-tab-title.elementor-active .elementor-accordion-icon-opened{display:block}.elementor-accordion .elementor-tab-content{display:none;padding:15px 20px;border-top:1px solid #d5d8dc}@media (max-width:767px){.elementor-accordion .elementor-tab-title{padding:12px 15px}.elementor-accordion .elementor-tab-title .elementor-accordion-icon{width:1.2em}.elementor-accordion .elementor-tab-content{padding:7px 15px}}.e-con-inner>.elementor-widget-accordion,.e-con>.elementor-widget-accordion{width:var(--container-widget-width);--flex-grow:var(--container-widget-flex-grow)}<\/style>\t\t<div class=\"elementor-accordion\">\n\t\t\t\t\t\t\t<div class=\"elementor-accordion-item\">\n\t\t\t\t\t<div id=\"elementor-tab-title-1551\" class=\"elementor-tab-title\" data-tab=\"1\" role=\"button\" aria-controls=\"elementor-tab-content-1551\" aria-expanded=\"false\">\n\t\t\t\t\t\t\t\t\t\t\t\t\t<span class=\"elementor-accordion-icon elementor-accordion-icon-left\" aria-hidden=\"true\">\n\t\t\t\t\t\t\t\t\t\t\t\t\t\t\t<span class=\"elementor-accordion-icon-closed\"><i class=\"fas fa-plus\"><\/i><\/span>\n\t\t\t\t\t\t\t\t<span class=\"elementor-accordion-icon-opened\"><i class=\"fas fa-minus\"><\/i><\/span>\n\t\t\t\t\t\t\t\t\t\t\t\t\t\t<\/span>\n\t\t\t\t\t\t\t\t\t\t\t\t<a class=\"elementor-accordion-title\" tabindex=\"0\">Segunda-feira, 11 de dezembro de 2023<\/a>\n\t\t\t\t\t<\/div>\n\t\t\t\t\t<div id=\"elementor-tab-content-1551\" class=\"elementor-tab-content elementor-clearfix\" data-tab=\"1\" role=\"region\" aria-labelledby=\"elementor-tab-title-1551\"><table width=\"718\"><tbody><tr><td width=\"141\"><p>8h-11h<\/p><\/td><td width=\"435\"><p><strong>Credenciamento<\/strong><\/p><\/td><td width=\"142\"><p>Audit\u00f3rio Central\u00a0<\/p><\/td><\/tr><tr><td width=\"141\"><p>09h-11h<\/p><\/td><td width=\"435\"><p><strong>Minicursos<\/strong><\/p><\/td><td width=\"142\"><p>A definir<\/p><\/td><\/tr><tr><td width=\"141\"><p>11h \u2013 13h<\/p><\/td><td width=\"435\"><p><strong>Almo\u00e7o<\/strong><\/p><\/td><td width=\"142\"><p>\u00a0<\/p><\/td><\/tr><tr><td width=\"141\"><p><strong>13h \u2013 15h<\/strong><\/p><\/td><td width=\"435\"><p><strong>Comunica\u00e7\u00e3o Individual<\/strong><\/p><\/td><td width=\"142\"><p><strong>Salas de aula da UPE-Garanhuns<\/strong><\/p><\/td><\/tr><tr><td width=\"141\"><p>15h \u2013 16h30<\/p><\/td><td width=\"435\"><p><strong>Intervalo <\/strong><\/p><\/td><td width=\"142\"><p>\u00a0<\/p><\/td><\/tr><tr><td width=\"141\"><p>17h \u2013 18h30<\/p><\/td><td width=\"435\"><p><strong>Mesa Redonda 1:<\/strong><\/p><p><strong>Perspectivas em lingu\u00edstica formalista<\/strong><\/p><p><strong>\u00a0<\/strong><\/p><p><strong>A Lingu\u00edstica saussuriana no s\u00e9culo XXI<\/strong><\/p><p>Prof. Dr. Jomson Teixeira da Silva Filho (UPE)<\/p><p>\u00a0<\/p><p><strong>A Lingu\u00edstica chomskyana no s\u00e9culo XXI<\/strong><\/p><p>Prof. Dr. Adeilson Pinheiro Sedrins (UFAPE)<\/p><p>\u00a0<\/p><p><strong>A sintaxe no processamento de senten\u00e7as<\/strong><\/p><p>Profa. Dra.\u00a0 Gitanna Brito Bezerra (UPE)<\/p><\/td><td width=\"142\"><p>Audit\u00f3rio Central\u00a0<\/p><\/td><\/tr><tr><td width=\"141\"><p>19h \u2013 19h30<\/p><\/td><td width=\"435\"><p><strong>Solenidade de abertura<\/strong><\/p><\/td><td rowspan=\"2\" width=\"142\"><p>Audit\u00f3rio Central\u00a0<\/p><\/td><\/tr><tr><td width=\"141\"><p>\u00a0<\/p><p>20h \u2013 21h30<\/p><\/td><td width=\"435\"><p><strong>Confer\u00eancia de abertura<\/strong><\/p><p><strong>\u00a0<\/strong><\/p><p><strong>Por uma sociolingu\u00edstica dos insultos<\/strong><\/p><p>Prof. Dr. Daniel Carvalho (UFAL)<\/p><p>\u00a0<\/p><\/td><\/tr><\/tbody><\/table><\/div>\n\t\t\t\t<\/div>\n\t\t\t\t\t\t\t<div class=\"elementor-accordion-item\">\n\t\t\t\t\t<div id=\"elementor-tab-title-1552\" class=\"elementor-tab-title\" data-tab=\"2\" role=\"button\" aria-controls=\"elementor-tab-content-1552\" aria-expanded=\"false\">\n\t\t\t\t\t\t\t\t\t\t\t\t\t<span class=\"elementor-accordion-icon elementor-accordion-icon-left\" aria-hidden=\"true\">\n\t\t\t\t\t\t\t\t\t\t\t\t\t\t\t<span class=\"elementor-accordion-icon-closed\"><i class=\"fas fa-plus\"><\/i><\/span>\n\t\t\t\t\t\t\t\t<span class=\"elementor-accordion-icon-opened\"><i class=\"fas fa-minus\"><\/i><\/span>\n\t\t\t\t\t\t\t\t\t\t\t\t\t\t<\/span>\n\t\t\t\t\t\t\t\t\t\t\t\t<a class=\"elementor-accordion-title\" tabindex=\"0\">Ter\u00e7a-feira, 12 de dezembro de 2023<\/a>\n\t\t\t\t\t<\/div>\n\t\t\t\t\t<div id=\"elementor-tab-content-1552\" class=\"elementor-tab-content elementor-clearfix\" data-tab=\"2\" role=\"region\" aria-labelledby=\"elementor-tab-title-1552\"><table width=\"718\"><tbody><tr><td width=\"141\"><p>09h \u2013 11h<\/p><\/td><td width=\"438\"><p><strong>\u00a0<\/strong><\/p><p><strong>Minicursos <\/strong><\/p><p>\u00a0<\/p><\/td><td width=\"139\"><p>A definir<\/p><\/td><\/tr><tr><td width=\"141\"><p>11h\u00a0 \u2013 13h<\/p><\/td><td width=\"438\"><p><strong>Almo\u00e7o <\/strong><\/p><\/td><td width=\"139\"><p>\u00a0<\/p><\/td><\/tr><tr><td width=\"141\"><p><strong>13h \u2013 15h <\/strong><\/p><\/td><td width=\"438\"><p><strong>Comunica\u00e7\u00e3o Individual <\/strong><\/p><\/td><td width=\"139\"><p><strong>Salas de aula da UPE-Garanhuns<\/strong><\/p><\/td><\/tr><tr><td width=\"141\"><p>15h30 \u2013 17h00<\/p><\/td><td width=\"438\"><p><strong>Mesa\u00a0 Redonda 2:<\/strong><\/p><p><strong>Lingu\u00edstica ind\u00edgena:<\/strong><\/p><p><strong>\u00a0pol\u00edticas lingu\u00edsticas, fonologia<\/strong><\/p><p><strong>\u00a0e educa\u00e7\u00e3o bil\u00edngue<\/strong><\/p><p><strong>\u00a0<\/strong><\/p><p><strong>A discuss\u00e3o sobre as pol\u00edticas lingu\u00edsticas para as l\u00ednguas ind\u00edgenas<\/strong><\/p><p>Prof. Dr. Aldir Santos de Paula (UFAL)<\/p><p>\u00a0<\/p><p><strong>Notas da fonologia Botocudo em documentos hist\u00f3ricos do in\u00edcio do s\u00e9c. XIX &#8211; aproximando passado e presente<\/strong><\/p><p>Profa. Dra. K\u00e1tia Nepomuceno (UFPE)<\/p><p>\u00a0<\/p><p><strong>O ensino bil\u00edngue da l\u00edngua materna Yaathe na escola Ind\u00edgena Marechal Rondon do povo Fulni-\u00f4 como pr\u00e1tica de manuten\u00e7\u00e3o do bilinguismo e fortalecimento \u00e9tnico<\/strong><\/p><p>Prof. Me. Marciano de Carvalho Batista (SEMED-Ita\u00edba)<\/p><p><strong>\u00a0<\/strong><\/p><\/td><td width=\"139\"><p>Audit\u00f3rio<\/p><p>Central\u00a0<\/p><\/td><\/tr><tr><td width=\"141\"><p>17h30 \u2013 19h00<\/p><\/td><td width=\"438\"><p><strong>Mesa Redonda 3: <\/strong><\/p><p><strong>Di\u00e1logos Discursivos: aproxima\u00e7\u00f5es e diverg\u00eancias entre P\u00eacheux, Foucault e Bakhtin<\/strong><\/p><p><strong>\u00a0<\/strong><\/p><p><strong>Qual o lugar que o poder ocupa na an\u00e1lise de discurso pecheutiana?<\/strong><\/p><p>Prof. Dr. Isaac Costa (UPE)<\/p><p>\u00a0<\/p><p><strong>Pensar o discurso com Michel Foucault: uma a.na.rqueologia de saberes na Universidade<\/strong><\/p><p>Prof. Dr. Tiago Brentam Perencini (UPE)<\/p><p>\u00a0<\/p><p><strong>O sujeito e suas viv\u00eancias na Teoria Dial\u00f3gica do Discurso<\/strong><\/p><p>Prof. Dr. Andr\u00e9 Cordeiro (IFAL)<\/p><\/td><td width=\"139\"><p>Audit\u00f3rio<\/p><p>Central\u00a0<\/p><\/td><\/tr><tr><td width=\"141\"><p>19h \u2013 20h<\/p><\/td><td width=\"438\"><p><strong>Programa\u00e7\u00e3o Cultural <\/strong><\/p><\/td><td width=\"139\"><p>A definir<\/p><\/td><\/tr><tr><td width=\"141\"><p>20h \u2013 21h30<\/p><\/td><td width=\"438\"><p><strong>Palestra<\/strong><\/p><p><strong>\u00a0<\/strong><\/p><p><strong>A constru\u00e7\u00e3o axiol\u00f3gica da mulher no discurso<\/strong><\/p><p><strong>\u00a0antifeminista no Instagram<\/strong><\/p><p>Profa. Dr. Marcela Regina (UFPE)<\/p><p><strong>\u00a0<\/strong><\/p><\/td><td width=\"139\"><p>A definir<\/p><\/td><\/tr><\/tbody><\/table><\/div>\n\t\t\t\t<\/div>\n\t\t\t\t\t\t\t<div class=\"elementor-accordion-item\">\n\t\t\t\t\t<div id=\"elementor-tab-title-1553\" class=\"elementor-tab-title\" data-tab=\"3\" role=\"button\" aria-controls=\"elementor-tab-content-1553\" aria-expanded=\"false\">\n\t\t\t\t\t\t\t\t\t\t\t\t\t<span class=\"elementor-accordion-icon elementor-accordion-icon-left\" aria-hidden=\"true\">\n\t\t\t\t\t\t\t\t\t\t\t\t\t\t\t<span class=\"elementor-accordion-icon-closed\"><i class=\"fas fa-plus\"><\/i><\/span>\n\t\t\t\t\t\t\t\t<span class=\"elementor-accordion-icon-opened\"><i class=\"fas fa-minus\"><\/i><\/span>\n\t\t\t\t\t\t\t\t\t\t\t\t\t\t<\/span>\n\t\t\t\t\t\t\t\t\t\t\t\t<a class=\"elementor-accordion-title\" tabindex=\"0\">Quarta-feira, 13 de dezembro de 2023<\/a>\n\t\t\t\t\t<\/div>\n\t\t\t\t\t<div id=\"elementor-tab-content-1553\" class=\"elementor-tab-content elementor-clearfix\" data-tab=\"3\" role=\"region\" aria-labelledby=\"elementor-tab-title-1553\"><table width=\"718\"><tbody><tr><td width=\"141\"><p>09h-11h<\/p><\/td><td width=\"435\"><p><strong>Oficinas <\/strong><\/p><\/td><td width=\"142\"><p><strong>Salas de aula da UPE-Garanhuns<\/strong><\/p><\/td><\/tr><tr><td width=\"141\"><p>10h \u2013 11h<\/p><\/td><td width=\"435\"><p><strong>Palestra tem\u00e1tica <\/strong><\/p><p><strong>\u00a0<\/strong><\/p><p><strong>A escrita do portugu\u00eas como L2 pela pessoa surda: desafios a forma\u00e7\u00e3o do professor de l\u00edngua\u00a0portuguesa<\/strong><\/p><p><strong>\u00a0<\/strong><\/p><p><strong>Profa. Dra. Thaysa Oliveira Barbosa<\/strong><\/p><\/td><td width=\"142\"><p><strong>\u00a0<\/strong><\/p><\/td><\/tr><tr><td width=\"141\"><p>11h \u2013 13h<\/p><\/td><td width=\"435\"><p><strong>Almo\u00e7o <\/strong><\/p><\/td><td width=\"142\"><p><strong>\u00a0<\/strong><\/p><\/td><\/tr><tr><td width=\"141\"><p><strong>13h-15h<\/strong><\/p><\/td><td width=\"435\"><p><strong>Comunica\u00e7\u00e3o Individual <\/strong><\/p><\/td><td width=\"142\"><p><strong>A definir<\/strong><\/p><\/td><\/tr><tr><td width=\"141\"><p>15h30-16h30<\/p><\/td><td width=\"435\"><p><strong>Exposi\u00e7\u00e3o de p\u00f4ster<\/strong><\/p><\/td><td width=\"142\"><p>A definir<\/p><\/td><\/tr><tr><td width=\"141\"><p>17h-18h30<\/p><\/td><td width=\"435\"><p><strong>Mesa Redonda 04<\/strong><\/p><p><strong>As novas perspectivas da Did\u00e1tica no ensino de L\u00edngua Portuguesa atrav\u00e9s do enfoque s\u00f3cio-hist\u00f3rico<\/strong><\/p><p><strong>\u00a0<\/strong><\/p><p><strong>A Did\u00e1tica como campo do conhecimento pedag\u00f3gico: um olhar voltado para pr\u00e1tica educativa<\/strong><\/p><p>Profa. Dra. Emmanuella Barros &#8211; UPE Campus Petrolina<\/p><p>\u00a0<\/p><p><strong>Livros e materiais did\u00e1ticos de Portugu\u00eas no contexto do ensino brasileiro: um pouco de hist\u00f3ria, concep\u00e7\u00f5es e pr\u00e1ticas<\/strong><\/p><p>Profa. Dra. H\u00e9rica Lima \u2013 UFRPE<\/p><p>\u00a0<\/p><p><strong>Avalia\u00e7\u00e3o da aprendizagem em L\u00edngua Portuguesa: refletindo sobre novas possibilidades<\/strong><\/p><p>Profa. Dra. Elaine Cristina Nascimento da Silva &#8211; UFAPE<\/p><\/td><td width=\"142\"><p>Audit\u00f3rio<\/p><p>Central \u00a0<\/p><\/td><\/tr><tr><td width=\"141\"><p>18h30 \u2013 20h<\/p><\/td><td width=\"435\"><p><strong>Programa\u00e7\u00e3o cultural <\/strong><\/p><\/td><td width=\"142\"><p>A definir<\/p><\/td><\/tr><tr><td width=\"141\"><p>20h-21h30<\/p><\/td><td width=\"435\"><p><strong>Mesa-Redonda 05:<\/strong><\/p><p><strong>Abordagens te\u00f3ricas e metodol\u00f3gicas em sociolingu\u00edstica<\/strong><\/p><p><strong>\u00a0<\/strong><\/p><p><strong>O contato lingu\u00edstico de retorno do migrante alagoano que residiu em S\u00e3o Paulo<\/strong><\/p><p>Prof. Dr. Almir Almeida de Oliveira (UNEAL)<\/p><p>\u00a0<\/p><p><strong>A varia\u00e7\u00e3o lingu\u00edstica no preenchimento da segunda pessoa do singular na comunica\u00e7\u00e3o digital<\/strong><\/p><p>Profa. Dra. Emanuelle Albuquerque (UFAPE)<\/p><p>\u00a0<\/p><p><strong>Percep\u00e7\u00e3o sociolingu\u00edstica de informa\u00e7\u00f5es socioindiciais em vozes masculinas<\/strong><\/p><p>Prof. Dr. Marcus Garcia de Sene (UPE)<\/p><\/td><td width=\"142\"><p>Audit\u00f3rio<\/p><p>Central\u00a0<\/p><\/td><\/tr><\/tbody><\/table><\/div>\n\t\t\t\t<\/div>\n\t\t\t\t\t\t\t<div class=\"elementor-accordion-item\">\n\t\t\t\t\t<div id=\"elementor-tab-title-1554\" class=\"elementor-tab-title\" data-tab=\"4\" role=\"button\" aria-controls=\"elementor-tab-content-1554\" aria-expanded=\"false\">\n\t\t\t\t\t\t\t\t\t\t\t\t\t<span class=\"elementor-accordion-icon elementor-accordion-icon-left\" aria-hidden=\"true\">\n\t\t\t\t\t\t\t\t\t\t\t\t\t\t\t<span class=\"elementor-accordion-icon-closed\"><i class=\"fas fa-plus\"><\/i><\/span>\n\t\t\t\t\t\t\t\t<span class=\"elementor-accordion-icon-opened\"><i class=\"fas fa-minus\"><\/i><\/span>\n\t\t\t\t\t\t\t\t\t\t\t\t\t\t<\/span>\n\t\t\t\t\t\t\t\t\t\t\t\t<a class=\"elementor-accordion-title\" tabindex=\"0\">Quinta-feira, 14 de dezembro de 2023<\/a>\n\t\t\t\t\t<\/div>\n\t\t\t\t\t<div id=\"elementor-tab-content-1554\" class=\"elementor-tab-content elementor-clearfix\" data-tab=\"4\" role=\"region\" aria-labelledby=\"elementor-tab-title-1554\"><table width=\"718\"><tbody><tr><td width=\"141\"><p>09h \u2013 11h<\/p><\/td><td width=\"435\"><p><strong>Oficina\u00a0 <\/strong><\/p><\/td><td width=\"142\"><p>\u00a0<\/p><\/td><\/tr><tr><td width=\"141\"><p>11h \u2013 13h<\/p><\/td><td width=\"435\"><p><strong>Almo\u00e7o<\/strong><\/p><\/td><td width=\"142\"><p>A definir<\/p><\/td><\/tr><tr><td width=\"141\"><p><strong>13h \u2013 15h<\/strong><\/p><\/td><td width=\"435\"><p><strong>Comunica\u00e7\u00e3o Individual <\/strong><\/p><\/td><td width=\"142\"><p>A definir<\/p><\/td><\/tr><tr><td width=\"141\"><p>15h \u2013 16h<\/p><\/td><td width=\"435\"><p><strong>Exposi\u00e7\u00e3o de p\u00f4ster<\/strong><\/p><\/td><td width=\"142\"><p>\u00a0<\/p><\/td><\/tr><tr><td width=\"141\"><p>16h00-17h30<\/p><\/td><td width=\"435\"><p><strong>Mesa 6:<\/strong><\/p><p><strong>Inova\u00e7\u00f5es pedag\u00f3gicas na educa\u00e7\u00e3o lingu\u00edstica: explorando abordagens criativas para o ensino<\/strong> <strong>de l\u00edngua portuguesa<\/strong><\/p><p><strong>\u00a0<\/strong><\/p><p><strong>A compreens\u00e3o do texto liter\u00e1rio potencializada pela leitura perform\u00e1tica em turmas do 9\u00ba ano do ensino fundamental<\/strong><\/p><p>Prof. Me. Jardiel Jos\u00e9 de Melo<\/p><p>(SEE-PE)<\/p><p>\u00a0<\/p><p><strong>A contribui\u00e7\u00e3o do l\u00fadico como ferramenta metodol\u00f3gica interventiva na escrita de alunos dos anos finais do agreste pernambucano<\/strong><\/p><p>Profa. Esp. Iana Karina Santos<\/p><p>\u00a0(PROFLETRAS-UPE\/Garanhuns)<\/p><p>\u00a0<\/p><p><strong>A ludicidade no ensino de L\u00edngua Portuguesa: proposta interventiva para a recupera\u00e7\u00e3o e potencializa\u00e7\u00e3o de aprendizagem do sistema pontuat\u00f3rio e seus efeitos de sentido<\/strong><\/p><p>Prof. Esp. Maria C\u00e9lia Rocha de Moraes (PROFLETRAS-UPE\/Garanhuns)<\/p><\/td><td width=\"142\"><p>Audit\u00f3rio<\/p><p>Central\u00a0<\/p><\/td><\/tr><tr><td width=\"141\"><p>17h30 \u2013 18h30<\/p><\/td><td width=\"435\"><p><strong>Programa\u00e7\u00e3o Cultural <\/strong><\/p><\/td><td width=\"142\"><p>\u00a0<\/p><\/td><\/tr><tr><td width=\"141\"><p>19h \u2013 20h30<\/p><\/td><td width=\"435\"><p><strong>Palestra <\/strong><\/p><p><strong>\u00a0<\/strong><\/p><p><strong>Os estudos sociolingu\u00edsticos e suas perspectivas<\/strong><\/p><p>Prof. Dr. Aldir Santos de Paula (UFAL)<\/p><p><strong>\u00a0<\/strong><\/p><\/td><td width=\"142\"><p>Audit\u00f3rio<\/p><p>Central\u00a0<\/p><\/td><\/tr><tr><td width=\"141\"><p>20h30 \u2013 22h<\/p><\/td><td width=\"435\"><p><strong>Premia\u00e7\u00e3o \u2013 Dedicat\u00f3ria <\/strong><\/p><\/td><td width=\"142\"><p>Audit\u00f3rio<\/p><p>Central\u00a0<\/p><\/td><\/tr><\/tbody><\/table><\/div>\n\t\t\t\t<\/div>\n\t\t\t\t\t\t\t\t<\/div>\n\t\t\t\t<\/div>\n\t\t\t\t<\/div>\n\t\t\t\t\t<\/div>\n\t\t<\/div>\n\t\t\t\t\t\t\t<\/div>\n\t\t<\/section>\n\t\t\t\t\t\t\t<\/div>\n\t\t","protected":false},"excerpt":{"rendered":"<p>Segunda-feira, 11 de dezembro de 2023 8h-11h Credenciamento Audit\u00f3rio Central\u00a0 09h-11h Minicursos A definir 11h \u2013 13h Almo\u00e7o \u00a0 13h \u2013 15h Comunica\u00e7\u00e3o Individual Salas de aula da UPE-Garanhuns 15h \u2013 16h30 Intervalo \u00a0 17h \u2013 18h30 Mesa Redonda 1: Perspectivas em lingu\u00edstica formalista \u00a0 A Lingu\u00edstica saussuriana no s\u00e9culo XXI Prof. Dr. Jomson Teixeira [&hellip;]<\/p>\n","protected":false},"author":1,"featured_media":0,"parent":0,"menu_order":0,"comment_status":"closed","ping_status":"closed","template":"","meta":{"footnotes":""},"_links":{"self":[{"href":"https:\/\/erelin.vaelp-tl.com\/index.php\/wp-json\/wp\/v2\/pages\/1039"}],"collection":[{"href":"https:\/\/erelin.vaelp-tl.com\/index.php\/wp-json\/wp\/v2\/pages"}],"about":[{"href":"https:\/\/erelin.vaelp-tl.com\/index.php\/wp-json\/wp\/v2\/types\/page"}],"author":[{"embeddable":true,"href":"https:\/\/erelin.vaelp-tl.com\/index.php\/wp-json\/wp\/v2\/users\/1"}],"replies":[{"embeddable":true,"href":"https:\/\/erelin.vaelp-tl.com\/index.php\/wp-json\/wp\/v2\/comments?post=1039"}],"version-history":[{"count":6,"href":"https:\/\/erelin.vaelp-tl.com\/index.php\/wp-json\/wp\/v2\/pages\/1039\/revisions"}],"predecessor-version":[{"id":1395,"href":"https:\/\/erelin.vaelp-tl.com\/index.php\/wp-json\/wp\/v2\/pages\/1039\/revisions\/1395"}],"wp:attachment":[{"href":"https:\/\/erelin.vaelp-tl.com\/index.php\/wp-json\/wp\/v2\/media?parent=1039"}],"curies":[{"name":"wp","href":"https:\/\/api.w.org\/{rel}","templated":true}]}}